{"id":598,"date":"2024-10-30T18:33:52","date_gmt":"2024-10-30T18:33:52","guid":{"rendered":"https:\/\/wp.hart-hoenig.com\/imprint\/"},"modified":"2024-11-02T09:26:59","modified_gmt":"2024-11-02T09:26:59","slug":"imprint","status":"publish","type":"page","link":"https:\/\/hart-hoenig.com\/en\/imprint\/","title":{"rendered":"IMPRINT"},"content":{"rendered":"<p>[et_pb_section fb_built=&#8221;1&#8243; _builder_version=&#8221;4.27.2&#8243; _module_preset=&#8221;default&#8221; global_colors_info=&#8221;{}&#8221;][et_pb_row _builder_version=&#8221;4.27.2&#8243; _module_preset=&#8221;default&#8221; global_colors_info=&#8221;{}&#8221;][et_pb_column type=&#8221;4_4&#8243; _builder_version=&#8221;4.27.2&#8243; _module_preset=&#8221;default&#8221; global_colors_info=&#8221;{}&#8221;][et_pb_heading title=&#8221;@ET-DC@eyJkeW5hbWljIjp0cnVlLCJjb250ZW50IjoicG9zdF9saW5rIiwic2V0dGluZ3MiOnsiYmVmb3JlIjoiIiwiYWZ0ZXIiOiIiLCJ0ZXh0IjoicG9zdF90aXRsZSIsImN1c3RvbV90ZXh0IjoiIn19@&#8221; _builder_version=&#8221;4.27.2&#8243; _dynamic_attributes=&#8221;title&#8221; _module_preset=&#8221;default&#8221; global_colors_info=&#8221;{}&#8221;][\/et_pb_heading][\/et_pb_column][\/et_pb_row][et_pb_row column_structure=&#8221;1_2,1_2&#8243; _builder_version=&#8221;4.27.2&#8243; _module_preset=&#8221;default&#8221; global_colors_info=&#8221;{}&#8221;][et_pb_column type=&#8221;1_2&#8243; _builder_version=&#8221;4.27.2&#8243; _module_preset=&#8221;default&#8221; global_colors_info=&#8221;{}&#8221;][et_pb_text _builder_version=&#8221;4.27.2&#8243; _module_preset=&#8221;default&#8221; hover_enabled=&#8221;0&#8243; global_colors_info=&#8221;{}&#8221; sticky_enabled=&#8221;0&#8243;]<\/p>\n<p><em>Responsible for content according to s10 ss3 MDStV: <\/em><\/p>\n<p><strong>Dr. Kai Hart-H\u00f6nig Rechtsanw\u00e4lte<\/strong><br \/><strong>Hochstra\u00dfe 33<\/strong><br \/><strong>60313 Frankfurt am Main<\/strong><\/p>\n<p><strong>T +49 (0) 69.920 380 30<\/strong><br \/><strong>F +49 (0) 69.920 380 320<\/strong><\/p>\n<p><em>Sales Tax Identification No according to s2a UStG &#8211; VAT Act): <\/em><\/p>\n<p><strong>DE 81 311 73 56<\/strong><\/p>\n<p><em>Supervisory authority:<\/em><\/p>\n<p><strong>Rechtsanwaltskammer Frankfurt am Main<\/strong><br \/><strong>Bockenheimer Anlage 36<\/strong><br \/><strong>60322 Frankfurt am Main<\/strong><\/p>\n<p><strong>T +49 (0) 69.1700 8-01<\/strong><br \/><strong>F +49 (0) 69.1700 8-50<\/strong><\/p>\n<p>[\/et_pb_text][\/et_pb_column][et_pb_column type=&#8221;1_2&#8243; _builder_version=&#8221;4.27.2&#8243; _module_preset=&#8221;default&#8221; global_colors_info=&#8221;{}&#8221;][et_pb_text _builder_version=&#8221;4.27.2&#8243; _module_preset=&#8221;default&#8221; text_font=&#8221;||||||||&#8221; hover_enabled=&#8221;0&#8243; global_colors_info=&#8221;{}&#8221; sticky_enabled=&#8221;0&#8243;]<\/p>\n<p><em>Professional designation:<\/em><\/p>\n<p><strong>Attorneys-at-law (Rechtsanw\u00e4lte in the Federal Republic of Germany)<\/strong><\/p>\n<p><em>Professional regulations:<\/em><\/p>\n<ul>\n<li><strong>Federal Legal Professional Regulation (Bundesrechtsanwaltsordnung \u2013 (BRAO)<\/strong><\/li>\n<li><strong>Professional Regulation for Attorneys-at-law (Berufsordnung f\u00fcr Rechtsanw\u00e4lte \u2013 BORA<\/strong><\/li>\n<li><strong>Legal Fees Act (Rechtsanwaltsverg\u00fctungsgesetz \u2013 RVG)<\/strong><\/li>\n<li><strong>Professional Rules for Lawyers in the European Union (CCBE)<\/strong><\/li>\n<\/ul>\n<p><strong>The regulations are available from the Bundesrechtsanwaltskammer at www.brak.de.<\/strong><\/p>\n<p class=\"GillSansMTStd-LightItalic\"><em>Professional liability insurance:<\/em><\/p>\n<p><strong>Third-party financial loss insurance cover for attorneys-at-law is provided by ERGO Versicherung AG, D\u00fcsseldorf. The territorial scope of the insurance coverage comprises legal advice in the European Union member states. <\/strong><\/p>\n<p>[\/et_pb_text][\/et_pb_column][\/et_pb_row][\/et_pb_section]<\/p>\n","protected":false},"excerpt":{"rendered":"<p>Responsible for content according to s10 ss3 MDStV: Dr. Kai Hart-H\u00f6nig Rechtsanw\u00e4lteHochstra\u00dfe 3360313 Frankfurt am Main T +49 (0) 69.920 380 30F +49 (0) 69.920 380 320 Sales Tax Identification No according to s2a UStG &#8211; VAT Act): DE 81 311 73 56 Supervisory authority: Rechtsanwaltskammer Frankfurt am MainBockenheimer Anlage 3660322 Frankfurt am Main T [&hellip;]<\/p>\n","protected":false},"author":2,"featured_media":0,"parent":0,"menu_order":0,"comment_status":"closed","ping_status":"closed","template":"","meta":{"_et_pb_use_builder":"on","_et_pb_old_content":"","_et_gb_content_width":"","footnotes":""},"class_list":["post-598","page","type-page","status-publish","hentry"],"yoast_head":"<!-- This site is optimized with the Yoast SEO plugin v26.8 - https:\/\/yoast.com\/product\/yoast-seo-wordpress\/ -->\n<title>IMPRINT - Dr Kai Hart-H\u00f6nig Rechtsanw\u00e4lte<\/title>\n<meta name=\"robots\" content=\"index, follow, max-snippet:-1, max-image-preview:large, max-video-preview:-1\" \/>\n<link rel=\"canonical\" href=\"https:\/\/hart-hoenig.com\/en\/imprint\/\" \/>\n<meta property=\"og:locale\" content=\"en_US\" \/>\n<meta property=\"og:type\" content=\"article\" \/>\n<meta property=\"og:title\" content=\"IMPRINT - Dr Kai Hart-H\u00f6nig Rechtsanw\u00e4lte\" \/>\n<meta property=\"og:description\" content=\"Responsible for content according to s10 ss3 MDStV: Dr. Kai Hart-H\u00f6nig Rechtsanw\u00e4lteHochstra\u00dfe 3360313 Frankfurt am Main T +49 (0) 69.920 380 30F +49 (0) 69.920 380 320 Sales Tax Identification No according to s2a UStG - VAT Act): DE 81 311 73 56 Supervisory authority: Rechtsanwaltskammer Frankfurt am MainBockenheimer Anlage 3660322 Frankfurt am Main T [&hellip;]\" \/>\n<meta property=\"og:url\" content=\"https:\/\/hart-hoenig.com\/en\/imprint\/\" \/>\n<meta property=\"og:site_name\" content=\"Dr Kai Hart-H\u00f6nig Rechtsanw\u00e4lte\" \/>\n<meta property=\"article:modified_time\" content=\"2024-11-02T09:26:59+00:00\" \/>\n<meta name=\"twitter:card\" content=\"summary_large_image\" \/>\n<meta name=\"twitter:label1\" content=\"Est. reading time\" \/>\n\t<meta name=\"twitter:data1\" content=\"2 minutes\" \/>\n<script type=\"application\/ld+json\" class=\"yoast-schema-graph\">{\"@context\":\"https:\/\/schema.org\",\"@graph\":[{\"@type\":\"WebPage\",\"@id\":\"https:\/\/hart-hoenig.com\/en\/imprint\/\",\"url\":\"https:\/\/hart-hoenig.com\/en\/imprint\/\",\"name\":\"IMPRINT - Dr Kai Hart-H\u00f6nig Rechtsanw\u00e4lte\",\"isPartOf\":{\"@id\":\"https:\/\/hart-hoenig.com\/en\/#website\"},\"datePublished\":\"2024-10-30T18:33:52+00:00\",\"dateModified\":\"2024-11-02T09:26:59+00:00\",\"breadcrumb\":{\"@id\":\"https:\/\/hart-hoenig.com\/en\/imprint\/#breadcrumb\"},\"inLanguage\":\"en-US\",\"potentialAction\":[{\"@type\":\"ReadAction\",\"target\":[\"https:\/\/hart-hoenig.com\/en\/imprint\/\"]}]},{\"@type\":\"BreadcrumbList\",\"@id\":\"https:\/\/hart-hoenig.com\/en\/imprint\/#breadcrumb\",\"itemListElement\":[{\"@type\":\"ListItem\",\"position\":1,\"name\":\"Home\",\"item\":\"https:\/\/hart-hoenig.com\/en\/home\/\"},{\"@type\":\"ListItem\",\"position\":2,\"name\":\"IMPRINT\"}]},{\"@type\":\"WebSite\",\"@id\":\"https:\/\/hart-hoenig.com\/en\/#website\",\"url\":\"https:\/\/hart-hoenig.com\/en\/\",\"name\":\"Dr Kai Hart-H\u00f6nig Rechtsanw\u00e4lte\",\"description\":\"\",\"potentialAction\":[{\"@type\":\"SearchAction\",\"target\":{\"@type\":\"EntryPoint\",\"urlTemplate\":\"https:\/\/hart-hoenig.com\/en\/?s={search_term_string}\"},\"query-input\":{\"@type\":\"PropertyValueSpecification\",\"valueRequired\":true,\"valueName\":\"search_term_string\"}}],\"inLanguage\":\"en-US\"}]}<\/script>\n<!-- \/ Yoast SEO plugin. -->","yoast_head_json":{"title":"IMPRINT - Dr Kai Hart-H\u00f6nig Rechtsanw\u00e4lte","robots":{"index":"index","follow":"follow","max-snippet":"max-snippet:-1","max-image-preview":"max-image-preview:large","max-video-preview":"max-video-preview:-1"},"canonical":"https:\/\/hart-hoenig.com\/en\/imprint\/","og_locale":"en_US","og_type":"article","og_title":"IMPRINT - Dr Kai Hart-H\u00f6nig Rechtsanw\u00e4lte","og_description":"Responsible for content according to s10 ss3 MDStV: Dr. Kai Hart-H\u00f6nig Rechtsanw\u00e4lteHochstra\u00dfe 3360313 Frankfurt am Main T +49 (0) 69.920 380 30F +49 (0) 69.920 380 320 Sales Tax Identification No according to s2a UStG - VAT Act): DE 81 311 73 56 Supervisory authority: Rechtsanwaltskammer Frankfurt am MainBockenheimer Anlage 3660322 Frankfurt am Main T [&hellip;]","og_url":"https:\/\/hart-hoenig.com\/en\/imprint\/","og_site_name":"Dr Kai Hart-H\u00f6nig Rechtsanw\u00e4lte","article_modified_time":"2024-11-02T09:26:59+00:00","twitter_card":"summary_large_image","twitter_misc":{"Est. reading time":"2 minutes"},"schema":{"@context":"https:\/\/schema.org","@graph":[{"@type":"WebPage","@id":"https:\/\/hart-hoenig.com\/en\/imprint\/","url":"https:\/\/hart-hoenig.com\/en\/imprint\/","name":"IMPRINT - Dr Kai Hart-H\u00f6nig Rechtsanw\u00e4lte","isPartOf":{"@id":"https:\/\/hart-hoenig.com\/en\/#website"},"datePublished":"2024-10-30T18:33:52+00:00","dateModified":"2024-11-02T09:26:59+00:00","breadcrumb":{"@id":"https:\/\/hart-hoenig.com\/en\/imprint\/#breadcrumb"},"inLanguage":"en-US","potentialAction":[{"@type":"ReadAction","target":["https:\/\/hart-hoenig.com\/en\/imprint\/"]}]},{"@type":"BreadcrumbList","@id":"https:\/\/hart-hoenig.com\/en\/imprint\/#breadcrumb","itemListElement":[{"@type":"ListItem","position":1,"name":"Home","item":"https:\/\/hart-hoenig.com\/en\/home\/"},{"@type":"ListItem","position":2,"name":"IMPRINT"}]},{"@type":"WebSite","@id":"https:\/\/hart-hoenig.com\/en\/#website","url":"https:\/\/hart-hoenig.com\/en\/","name":"Dr Kai Hart-H\u00f6nig Rechtsanw\u00e4lte","description":"","potentialAction":[{"@type":"SearchAction","target":{"@type":"EntryPoint","urlTemplate":"https:\/\/hart-hoenig.com\/en\/?s={search_term_string}"},"query-input":{"@type":"PropertyValueSpecification","valueRequired":true,"valueName":"search_term_string"}}],"inLanguage":"en-US"}]}},"_links":{"self":[{"href":"https:\/\/hart-hoenig.com\/en\/wp-json\/wp\/v2\/pages\/598","targetHints":{"allow":["GET"]}}],"collection":[{"href":"https:\/\/hart-hoenig.com\/en\/wp-json\/wp\/v2\/pages"}],"about":[{"href":"https:\/\/hart-hoenig.com\/en\/wp-json\/wp\/v2\/types\/page"}],"author":[{"embeddable":true,"href":"https:\/\/hart-hoenig.com\/en\/wp-json\/wp\/v2\/users\/2"}],"replies":[{"embeddable":true,"href":"https:\/\/hart-hoenig.com\/en\/wp-json\/wp\/v2\/comments?post=598"}],"version-history":[{"count":2,"href":"https:\/\/hart-hoenig.com\/en\/wp-json\/wp\/v2\/pages\/598\/revisions"}],"predecessor-version":[{"id":600,"href":"https:\/\/hart-hoenig.com\/en\/wp-json\/wp\/v2\/pages\/598\/revisions\/600"}],"wp:attachment":[{"href":"https:\/\/hart-hoenig.com\/en\/wp-json\/wp\/v2\/media?parent=598"}],"curies":[{"name":"wp","href":"https:\/\/api.w.org\/{rel}","templated":true}]}}