{"id":578,"date":"2024-10-30T19:00:19","date_gmt":"2024-10-30T19:00:19","guid":{"rendered":"https:\/\/wp.hart-hoenig.com\/dr-kai-hart-hoenig\/"},"modified":"2024-11-02T09:38:28","modified_gmt":"2024-11-02T09:38:28","slug":"dr-kai-hart-hoenig","status":"publish","type":"page","link":"https:\/\/hart-hoenig.com\/en\/dr-kai-hart-hoenig\/","title":{"rendered":"DR KAI HART-H\u00d6NIG"},"content":{"rendered":"<p>[et_pb_section fb_built=&#8221;1&#8243; _builder_version=&#8221;4.27.2&#8243; _module_preset=&#8221;default&#8221; global_colors_info=&#8221;{}&#8221;][et_pb_row _builder_version=&#8221;4.27.2&#8243; _module_preset=&#8221;default&#8221; global_colors_info=&#8221;{}&#8221;][et_pb_column type=&#8221;4_4&#8243; _builder_version=&#8221;4.27.2&#8243; _module_preset=&#8221;default&#8221; global_colors_info=&#8221;{}&#8221;][et_pb_heading title=&#8221;@ET-DC@eyJkeW5hbWljIjp0cnVlLCJjb250ZW50IjoicG9zdF9saW5rIiwic2V0dGluZ3MiOnsiYmVmb3JlIjoiIiwiYWZ0ZXIiOiIiLCJ0ZXh0IjoicG9zdF90aXRsZSIsImN1c3RvbV90ZXh0IjoiIn19@&#8221; _builder_version=&#8221;4.27.2&#8243; _dynamic_attributes=&#8221;title&#8221; _module_preset=&#8221;default&#8221; global_colors_info=&#8221;{}&#8221;][\/et_pb_heading][\/et_pb_column][\/et_pb_row][et_pb_row column_structure=&#8221;1_3,1_3,1_3&#8243; use_custom_gutter=&#8221;on&#8221; gutter_width=&#8221;2&#8243; _builder_version=&#8221;4.27.2&#8243; _module_preset=&#8221;default&#8221; global_colors_info=&#8221;{}&#8221;][et_pb_column type=&#8221;1_3&#8243; _builder_version=&#8221;4.27.2&#8243; _module_preset=&#8221;default&#8221; global_colors_info=&#8221;{}&#8221;][et_pb_image src=&#8221;https:\/\/wp.hart-hoenig.com\/wp-content\/uploads\/2024\/10\/MG_6307-6-scaled.jpg&#8221; title_text=&#8221;_MG_6307-6&#8243; _builder_version=&#8221;4.27.2&#8243; _module_preset=&#8221;default&#8221; global_colors_info=&#8221;{}&#8221;][\/et_pb_image][\/et_pb_column][et_pb_column type=&#8221;1_3&#8243; _builder_version=&#8221;4.27.2&#8243; _module_preset=&#8221;default&#8221; global_colors_info=&#8221;{}&#8221;][et_pb_text _builder_version=&#8221;4.27.2&#8243; _module_preset=&#8221;default&#8221; global_colors_info=&#8221;{}&#8221;]<\/p>\n<p>Dr Kai Hart-H\u00f6nig has many years and a wide range of experience in the fields of tax litigation, business and tax crime. His focus is on advising and defending German and international companies as well as managers. He has special expertise in project management, ie in organising and controlling complex proceedings with an eye on all relevant aspects.<\/p>\n<p>Who\u2019sWhoLegal Business Crime 2007 referred to Dr Kai Hart-H\u00f6nig as \u201ethe country\u2019s \u2018stand-out\u2019.\u201d<\/p>\n<p>Dr Kai Hart-H\u00f6nig obtained a doctorate from the Johann Wolfgang Goethe University in Frankfurt am Main in 1983 with the distinction summa cum laude. He served as the assistant to Prof Dr Dr hc mult Winfried Hassemer, the former Vice President of the Federal Constitutional Court, who was also a reputed criminal defence lawyer.<\/p>\n<p>He worked as a public prosecutor specialised on business crime in Frankfurt am Main, especially for complex cases in the area of corporate criminal law, accounting\/tax crimes, corruption, and insolvency crimes. Dr Kai Hart-H\u00f6nig was a partner with Clifford Chance P\u00fcnder as well as Oppenhoff &amp; R\u00e4dler Linklaters &amp; Alliance.<\/p>\n<p>Dr Kai Hart-H\u00f6nig established his own law firm in 2000.<br \/>Dr Kai Hart-H\u00f6nig is a frequent speaker, especially for the European Criminal Bar Association as well as the International Bar Association. He served as a lecturer for the specialist courses on business crime offered by the German Lawyers\u2019 Academy from 2002 to 2008.<\/p>\n<p>[\/et_pb_text][\/et_pb_column][et_pb_column type=&#8221;1_3&#8243; _builder_version=&#8221;4.27.2&#8243; _module_preset=&#8221;default&#8221; global_colors_info=&#8221;{}&#8221;][et_pb_text _builder_version=&#8221;4.27.2&#8243; _module_preset=&#8221;default&#8221; global_colors_info=&#8221;{}&#8221;]<\/p>\n<p>Dr Kai Hart-H\u00f6nig is a member of the European Criminal Bar Association (Vice Chairman<br \/>2003\u20132008; Chairman of the Antitrust Working Group), of the Deutscher Anwaltsverein, the German-American Lawyers&#8217; Association, the American Bar Association, the National Association of Criminal Defense Lawyers (USA), the International Bar Association (inter alia Anti-Corruption Committee), the International Fiscal Association, der Studienvereinigung Kartellrecht e. V. as well as der Proceeds of Crime Lawyers\u2019 Association (UK).<\/p>\n<p>Dr Kai Hart-H\u00f6nig also participates as an expert in legislative projects, including those of the EU Commission and the House of Lords.<\/p>\n<p><strong>Important publications are:<\/strong><\/p>\n<p><em>In the series of publications on criminal law (Schriften zum Strafrecht, Duncker &amp; Humblot), the book<\/em> <strong>&#8220;Gerechte und zweckm\u00e4\u00dfige Strafzumessung. Zugleich ein Beitrag zur Theorie positiver Generalpr\u00e4vention&#8221;,<\/strong> 1992.<\/p>\n<p><em>The contribution:<\/em><strong> &#8220;Verteidigung von Unternehmen und Compliance im globalisierten Strafrecht. Rechtsstaatlich problematische Versch\u00e4rfung von Haftungsrisiken \u2013 exemplarisch skizziert anhand der Verfolgung von Korruption und Kartellrechtsverst\u00f6\u00dfen unter europ\u00e4ischem und US-amerikanischem Einfluss&#8221;<\/strong> in Festschrift 25 Jahre Arbeitsgemeinschaft Strafrecht des Deutschen Anwaltsvereins, Strafverteidung im Rechtsstaat, 2009, p 530 et seq.<\/p>\n<p><em>The contribution:<\/em> <strong>&#8220;Verteidigung von Unternehmen und Organmitgliedern unter dem Compliance-<\/strong><br \/><strong>Regime \u2013 Zur M\u00f6glichkeit autonomer Verteidigung bei Internal Investigations&#8221;,<\/strong> in Klaus L\u00fcderssen\/ Klaus Volk\/ Eberhard Wahle (publishers), Festschrift f\u00fcr Wolf Schiller, 2014, p 281 et seq.<\/p>\n<p>[\/et_pb_text][\/et_pb_column][\/et_pb_row][\/et_pb_section]<\/p>\n","protected":false},"excerpt":{"rendered":"<p>Dr Kai Hart-H\u00f6nig has many years and a wide range of experience in the fields of tax litigation, business and tax crime. His focus is on advising and defending German and international companies as well as managers. He has special expertise in project management, ie in organising and controlling complex proceedings with an eye on [&hellip;]<\/p>\n","protected":false},"author":2,"featured_media":0,"parent":0,"menu_order":0,"comment_status":"closed","ping_status":"closed","template":"","meta":{"_et_pb_use_builder":"on","_et_pb_old_content":"","_et_gb_content_width":"","footnotes":""},"class_list":["post-578","page","type-page","status-publish","hentry"],"yoast_head":"<!-- This site is optimized with the Yoast SEO plugin v26.8 - https:\/\/yoast.com\/product\/yoast-seo-wordpress\/ -->\n<title>DR KAI HART-H\u00d6NIG - Dr Kai Hart-H\u00f6nig Rechtsanw\u00e4lte<\/title>\n<meta name=\"robots\" content=\"index, follow, max-snippet:-1, max-image-preview:large, max-video-preview:-1\" \/>\n<link rel=\"canonical\" href=\"https:\/\/hart-hoenig.com\/en\/dr-kai-hart-hoenig\/\" \/>\n<meta property=\"og:locale\" content=\"en_US\" \/>\n<meta property=\"og:type\" content=\"article\" \/>\n<meta property=\"og:title\" content=\"DR KAI HART-H\u00d6NIG - Dr Kai Hart-H\u00f6nig Rechtsanw\u00e4lte\" \/>\n<meta property=\"og:description\" content=\"Dr Kai Hart-H\u00f6nig has many years and a wide range of experience in the fields of tax litigation, business and tax crime. His focus is on advising and defending German and international companies as well as managers. He has special expertise in project management, ie in organising and controlling complex proceedings with an eye on [&hellip;]\" \/>\n<meta property=\"og:url\" content=\"https:\/\/hart-hoenig.com\/en\/dr-kai-hart-hoenig\/\" \/>\n<meta property=\"og:site_name\" content=\"Dr Kai Hart-H\u00f6nig Rechtsanw\u00e4lte\" \/>\n<meta property=\"article:modified_time\" content=\"2024-11-02T09:38:28+00:00\" \/>\n<meta name=\"twitter:card\" content=\"summary_large_image\" \/>\n<meta name=\"twitter:label1\" content=\"Est. reading time\" \/>\n\t<meta name=\"twitter:data1\" content=\"3 minutes\" \/>\n<script type=\"application\/ld+json\" class=\"yoast-schema-graph\">{\"@context\":\"https:\/\/schema.org\",\"@graph\":[{\"@type\":\"WebPage\",\"@id\":\"https:\/\/hart-hoenig.com\/en\/dr-kai-hart-hoenig\/\",\"url\":\"https:\/\/hart-hoenig.com\/en\/dr-kai-hart-hoenig\/\",\"name\":\"DR KAI HART-H\u00d6NIG - Dr Kai Hart-H\u00f6nig Rechtsanw\u00e4lte\",\"isPartOf\":{\"@id\":\"https:\/\/hart-hoenig.com\/en\/#website\"},\"datePublished\":\"2024-10-30T19:00:19+00:00\",\"dateModified\":\"2024-11-02T09:38:28+00:00\",\"breadcrumb\":{\"@id\":\"https:\/\/hart-hoenig.com\/en\/dr-kai-hart-hoenig\/#breadcrumb\"},\"inLanguage\":\"en-US\",\"potentialAction\":[{\"@type\":\"ReadAction\",\"target\":[\"https:\/\/hart-hoenig.com\/en\/dr-kai-hart-hoenig\/\"]}]},{\"@type\":\"BreadcrumbList\",\"@id\":\"https:\/\/hart-hoenig.com\/en\/dr-kai-hart-hoenig\/#breadcrumb\",\"itemListElement\":[{\"@type\":\"ListItem\",\"position\":1,\"name\":\"Home\",\"item\":\"https:\/\/hart-hoenig.com\/en\/home\/\"},{\"@type\":\"ListItem\",\"position\":2,\"name\":\"DR KAI HART-H\u00d6NIG\"}]},{\"@type\":\"WebSite\",\"@id\":\"https:\/\/hart-hoenig.com\/en\/#website\",\"url\":\"https:\/\/hart-hoenig.com\/en\/\",\"name\":\"Dr Kai Hart-H\u00f6nig Rechtsanw\u00e4lte\",\"description\":\"\",\"potentialAction\":[{\"@type\":\"SearchAction\",\"target\":{\"@type\":\"EntryPoint\",\"urlTemplate\":\"https:\/\/hart-hoenig.com\/en\/?s={search_term_string}\"},\"query-input\":{\"@type\":\"PropertyValueSpecification\",\"valueRequired\":true,\"valueName\":\"search_term_string\"}}],\"inLanguage\":\"en-US\"}]}<\/script>\n<!-- \/ Yoast SEO plugin. -->","yoast_head_json":{"title":"DR KAI HART-H\u00d6NIG - Dr Kai Hart-H\u00f6nig Rechtsanw\u00e4lte","robots":{"index":"index","follow":"follow","max-snippet":"max-snippet:-1","max-image-preview":"max-image-preview:large","max-video-preview":"max-video-preview:-1"},"canonical":"https:\/\/hart-hoenig.com\/en\/dr-kai-hart-hoenig\/","og_locale":"en_US","og_type":"article","og_title":"DR KAI HART-H\u00d6NIG - Dr Kai Hart-H\u00f6nig Rechtsanw\u00e4lte","og_description":"Dr Kai Hart-H\u00f6nig has many years and a wide range of experience in the fields of tax litigation, business and tax crime. His focus is on advising and defending German and international companies as well as managers. He has special expertise in project management, ie in organising and controlling complex proceedings with an eye on [&hellip;]","og_url":"https:\/\/hart-hoenig.com\/en\/dr-kai-hart-hoenig\/","og_site_name":"Dr Kai Hart-H\u00f6nig Rechtsanw\u00e4lte","article_modified_time":"2024-11-02T09:38:28+00:00","twitter_card":"summary_large_image","twitter_misc":{"Est. reading time":"3 minutes"},"schema":{"@context":"https:\/\/schema.org","@graph":[{"@type":"WebPage","@id":"https:\/\/hart-hoenig.com\/en\/dr-kai-hart-hoenig\/","url":"https:\/\/hart-hoenig.com\/en\/dr-kai-hart-hoenig\/","name":"DR KAI HART-H\u00d6NIG - Dr Kai Hart-H\u00f6nig Rechtsanw\u00e4lte","isPartOf":{"@id":"https:\/\/hart-hoenig.com\/en\/#website"},"datePublished":"2024-10-30T19:00:19+00:00","dateModified":"2024-11-02T09:38:28+00:00","breadcrumb":{"@id":"https:\/\/hart-hoenig.com\/en\/dr-kai-hart-hoenig\/#breadcrumb"},"inLanguage":"en-US","potentialAction":[{"@type":"ReadAction","target":["https:\/\/hart-hoenig.com\/en\/dr-kai-hart-hoenig\/"]}]},{"@type":"BreadcrumbList","@id":"https:\/\/hart-hoenig.com\/en\/dr-kai-hart-hoenig\/#breadcrumb","itemListElement":[{"@type":"ListItem","position":1,"name":"Home","item":"https:\/\/hart-hoenig.com\/en\/home\/"},{"@type":"ListItem","position":2,"name":"DR KAI HART-H\u00d6NIG"}]},{"@type":"WebSite","@id":"https:\/\/hart-hoenig.com\/en\/#website","url":"https:\/\/hart-hoenig.com\/en\/","name":"Dr Kai Hart-H\u00f6nig Rechtsanw\u00e4lte","description":"","potentialAction":[{"@type":"SearchAction","target":{"@type":"EntryPoint","urlTemplate":"https:\/\/hart-hoenig.com\/en\/?s={search_term_string}"},"query-input":{"@type":"PropertyValueSpecification","valueRequired":true,"valueName":"search_term_string"}}],"inLanguage":"en-US"}]}},"_links":{"self":[{"href":"https:\/\/hart-hoenig.com\/en\/wp-json\/wp\/v2\/pages\/578","targetHints":{"allow":["GET"]}}],"collection":[{"href":"https:\/\/hart-hoenig.com\/en\/wp-json\/wp\/v2\/pages"}],"about":[{"href":"https:\/\/hart-hoenig.com\/en\/wp-json\/wp\/v2\/types\/page"}],"author":[{"embeddable":true,"href":"https:\/\/hart-hoenig.com\/en\/wp-json\/wp\/v2\/users\/2"}],"replies":[{"embeddable":true,"href":"https:\/\/hart-hoenig.com\/en\/wp-json\/wp\/v2\/comments?post=578"}],"version-history":[{"count":5,"href":"https:\/\/hart-hoenig.com\/en\/wp-json\/wp\/v2\/pages\/578\/revisions"}],"predecessor-version":[{"id":610,"href":"https:\/\/hart-hoenig.com\/en\/wp-json\/wp\/v2\/pages\/578\/revisions\/610"}],"wp:attachment":[{"href":"https:\/\/hart-hoenig.com\/en\/wp-json\/wp\/v2\/media?parent=578"}],"curies":[{"name":"wp","href":"https:\/\/api.w.org\/{rel}","templated":true}]}}