{"id":572,"date":"2024-10-30T18:57:15","date_gmt":"2024-10-30T18:57:15","guid":{"rendered":"https:\/\/wp.hart-hoenig.com\/international\/"},"modified":"2024-11-02T07:27:41","modified_gmt":"2024-11-02T07:27:41","slug":"international","status":"publish","type":"page","link":"https:\/\/hart-hoenig.com\/en\/international\/","title":{"rendered":"INTERNATIONAL"},"content":{"rendered":"<p>[et_pb_section fb_built=&#8221;1&#8243; _builder_version=&#8221;4.27.2&#8243; _module_preset=&#8221;default&#8221; global_colors_info=&#8221;{}&#8221;][et_pb_row _builder_version=&#8221;4.27.2&#8243; _module_preset=&#8221;default&#8221; global_colors_info=&#8221;{}&#8221;][et_pb_column type=&#8221;4_4&#8243; _builder_version=&#8221;4.27.2&#8243; _module_preset=&#8221;default&#8221; global_colors_info=&#8221;{}&#8221;][et_pb_heading title=&#8221;@ET-DC@eyJkeW5hbWljIjp0cnVlLCJjb250ZW50IjoicG9zdF9saW5rIiwic2V0dGluZ3MiOnsiYmVmb3JlIjoiIiwiYWZ0ZXIiOiIiLCJ0ZXh0IjoicG9zdF90aXRsZSIsImN1c3RvbV90ZXh0IjoiIn19@&#8221; _builder_version=&#8221;4.27.2&#8243; _dynamic_attributes=&#8221;title&#8221; _module_preset=&#8221;default&#8221; global_colors_info=&#8221;{}&#8221;][\/et_pb_heading][\/et_pb_column][\/et_pb_row][et_pb_row column_structure=&#8221;1_2,1_2&#8243; use_custom_gutter=&#8221;on&#8221; gutter_width=&#8221;2&#8243; _builder_version=&#8221;4.27.2&#8243; _module_preset=&#8221;default&#8221; global_colors_info=&#8221;{}&#8221;][et_pb_column type=&#8221;1_2&#8243; _builder_version=&#8221;4.27.2&#8243; _module_preset=&#8221;default&#8221; global_colors_info=&#8221;{}&#8221;][et_pb_text _builder_version=&#8221;4.27.2&#8243; _module_preset=&#8221;default&#8221; text_font=&#8221;&#8211;et_global_heading_font||||||||&#8221; text_text_color=&#8221;#3b3b3b&#8221; hover_enabled=&#8221;0&#8243; global_colors_info=&#8221;{}&#8221; sticky_enabled=&#8221;0&#8243;]Dr Kai Hart-H\u00f6nig Rechtsanw\u00e4lte has many years of experience in advising, organising and defending multinational and international clients. We defend numerous foreign companies active in Germany or group member companies as well as their employees in criminal and regulatory proceedings in Germany. Furthermore, we advise German and international companies on risks resulting from proceedings conducted abroad.[\/et_pb_text][\/et_pb_column][et_pb_column type=&#8221;1_2&#8243; _builder_version=&#8221;4.27.2&#8243; _module_preset=&#8221;default&#8221; global_colors_info=&#8221;{}&#8221;][et_pb_text _builder_version=&#8221;4.27.2&#8243; _module_preset=&#8221;default&#8221; hover_enabled=&#8221;0&#8243; global_colors_info=&#8221;{}&#8221; sticky_enabled=&#8221;0&#8243;]<\/p>\n<p>Many years of co-operation have resulted in a best-friends network with criminal defence lawyers, commercial lawyers, tax consultants and forensic experts in all European states, the USA as well as other important jurisdictions. This network enables Dr. Kai Hart-H\u00f6nig to organise a custom-made team within a very short time for the most various and complex client cases. <\/p>\n<p>[\/et_pb_text][\/et_pb_column][\/et_pb_row][\/et_pb_section]<\/p>\n","protected":false},"excerpt":{"rendered":"<p>Dr Kai Hart-H\u00f6nig Rechtsanw\u00e4lte has many years of experience in advising, organising and defending multinational and international clients. We defend numerous foreign companies active in Germany or group member companies as well as their employees in criminal and regulatory proceedings in Germany. Furthermore, we advise German and international companies on risks resulting from proceedings conducted [&hellip;]<\/p>\n","protected":false},"author":2,"featured_media":0,"parent":0,"menu_order":0,"comment_status":"closed","ping_status":"closed","template":"","meta":{"_et_pb_use_builder":"on","_et_pb_old_content":"","_et_gb_content_width":"","footnotes":""},"class_list":["post-572","page","type-page","status-publish","hentry"],"yoast_head":"<!-- This site is optimized with the Yoast SEO plugin v26.8 - https:\/\/yoast.com\/product\/yoast-seo-wordpress\/ -->\n<title>INTERNATIONAL - Dr Kai Hart-H\u00f6nig Rechtsanw\u00e4lte<\/title>\n<meta name=\"robots\" content=\"index, follow, max-snippet:-1, max-image-preview:large, max-video-preview:-1\" \/>\n<link rel=\"canonical\" href=\"https:\/\/hart-hoenig.com\/en\/international\/\" \/>\n<meta property=\"og:locale\" content=\"en_US\" \/>\n<meta property=\"og:type\" content=\"article\" \/>\n<meta property=\"og:title\" content=\"INTERNATIONAL - Dr Kai Hart-H\u00f6nig Rechtsanw\u00e4lte\" \/>\n<meta property=\"og:description\" content=\"Dr Kai Hart-H\u00f6nig Rechtsanw\u00e4lte has many years of experience in advising, organising and defending multinational and international clients. We defend numerous foreign companies active in Germany or group member companies as well as their employees in criminal and regulatory proceedings in Germany. Furthermore, we advise German and international companies on risks resulting from proceedings conducted [&hellip;]\" \/>\n<meta property=\"og:url\" content=\"https:\/\/hart-hoenig.com\/en\/international\/\" \/>\n<meta property=\"og:site_name\" content=\"Dr Kai Hart-H\u00f6nig Rechtsanw\u00e4lte\" \/>\n<meta property=\"article:modified_time\" content=\"2024-11-02T07:27:41+00:00\" \/>\n<meta name=\"twitter:card\" content=\"summary_large_image\" \/>\n<meta name=\"twitter:label1\" content=\"Est. reading time\" \/>\n\t<meta name=\"twitter:data1\" content=\"2 minutes\" \/>\n<script type=\"application\/ld+json\" class=\"yoast-schema-graph\">{\"@context\":\"https:\/\/schema.org\",\"@graph\":[{\"@type\":\"WebPage\",\"@id\":\"https:\/\/hart-hoenig.com\/en\/international\/\",\"url\":\"https:\/\/hart-hoenig.com\/en\/international\/\",\"name\":\"INTERNATIONAL - Dr Kai Hart-H\u00f6nig Rechtsanw\u00e4lte\",\"isPartOf\":{\"@id\":\"https:\/\/hart-hoenig.com\/en\/#website\"},\"datePublished\":\"2024-10-30T18:57:15+00:00\",\"dateModified\":\"2024-11-02T07:27:41+00:00\",\"breadcrumb\":{\"@id\":\"https:\/\/hart-hoenig.com\/en\/international\/#breadcrumb\"},\"inLanguage\":\"en-US\",\"potentialAction\":[{\"@type\":\"ReadAction\",\"target\":[\"https:\/\/hart-hoenig.com\/en\/international\/\"]}]},{\"@type\":\"BreadcrumbList\",\"@id\":\"https:\/\/hart-hoenig.com\/en\/international\/#breadcrumb\",\"itemListElement\":[{\"@type\":\"ListItem\",\"position\":1,\"name\":\"Home\",\"item\":\"https:\/\/hart-hoenig.com\/en\/home\/\"},{\"@type\":\"ListItem\",\"position\":2,\"name\":\"INTERNATIONAL\"}]},{\"@type\":\"WebSite\",\"@id\":\"https:\/\/hart-hoenig.com\/en\/#website\",\"url\":\"https:\/\/hart-hoenig.com\/en\/\",\"name\":\"Dr Kai Hart-H\u00f6nig Rechtsanw\u00e4lte\",\"description\":\"\",\"potentialAction\":[{\"@type\":\"SearchAction\",\"target\":{\"@type\":\"EntryPoint\",\"urlTemplate\":\"https:\/\/hart-hoenig.com\/en\/?s={search_term_string}\"},\"query-input\":{\"@type\":\"PropertyValueSpecification\",\"valueRequired\":true,\"valueName\":\"search_term_string\"}}],\"inLanguage\":\"en-US\"}]}<\/script>\n<!-- \/ Yoast SEO plugin. -->","yoast_head_json":{"title":"INTERNATIONAL - Dr Kai Hart-H\u00f6nig Rechtsanw\u00e4lte","robots":{"index":"index","follow":"follow","max-snippet":"max-snippet:-1","max-image-preview":"max-image-preview:large","max-video-preview":"max-video-preview:-1"},"canonical":"https:\/\/hart-hoenig.com\/en\/international\/","og_locale":"en_US","og_type":"article","og_title":"INTERNATIONAL - Dr Kai Hart-H\u00f6nig Rechtsanw\u00e4lte","og_description":"Dr Kai Hart-H\u00f6nig Rechtsanw\u00e4lte has many years of experience in advising, organising and defending multinational and international clients. We defend numerous foreign companies active in Germany or group member companies as well as their employees in criminal and regulatory proceedings in Germany. Furthermore, we advise German and international companies on risks resulting from proceedings conducted [&hellip;]","og_url":"https:\/\/hart-hoenig.com\/en\/international\/","og_site_name":"Dr Kai Hart-H\u00f6nig Rechtsanw\u00e4lte","article_modified_time":"2024-11-02T07:27:41+00:00","twitter_card":"summary_large_image","twitter_misc":{"Est. reading time":"2 minutes"},"schema":{"@context":"https:\/\/schema.org","@graph":[{"@type":"WebPage","@id":"https:\/\/hart-hoenig.com\/en\/international\/","url":"https:\/\/hart-hoenig.com\/en\/international\/","name":"INTERNATIONAL - Dr Kai Hart-H\u00f6nig Rechtsanw\u00e4lte","isPartOf":{"@id":"https:\/\/hart-hoenig.com\/en\/#website"},"datePublished":"2024-10-30T18:57:15+00:00","dateModified":"2024-11-02T07:27:41+00:00","breadcrumb":{"@id":"https:\/\/hart-hoenig.com\/en\/international\/#breadcrumb"},"inLanguage":"en-US","potentialAction":[{"@type":"ReadAction","target":["https:\/\/hart-hoenig.com\/en\/international\/"]}]},{"@type":"BreadcrumbList","@id":"https:\/\/hart-hoenig.com\/en\/international\/#breadcrumb","itemListElement":[{"@type":"ListItem","position":1,"name":"Home","item":"https:\/\/hart-hoenig.com\/en\/home\/"},{"@type":"ListItem","position":2,"name":"INTERNATIONAL"}]},{"@type":"WebSite","@id":"https:\/\/hart-hoenig.com\/en\/#website","url":"https:\/\/hart-hoenig.com\/en\/","name":"Dr Kai Hart-H\u00f6nig Rechtsanw\u00e4lte","description":"","potentialAction":[{"@type":"SearchAction","target":{"@type":"EntryPoint","urlTemplate":"https:\/\/hart-hoenig.com\/en\/?s={search_term_string}"},"query-input":{"@type":"PropertyValueSpecification","valueRequired":true,"valueName":"search_term_string"}}],"inLanguage":"en-US"}]}},"_links":{"self":[{"href":"https:\/\/hart-hoenig.com\/en\/wp-json\/wp\/v2\/pages\/572","targetHints":{"allow":["GET"]}}],"collection":[{"href":"https:\/\/hart-hoenig.com\/en\/wp-json\/wp\/v2\/pages"}],"about":[{"href":"https:\/\/hart-hoenig.com\/en\/wp-json\/wp\/v2\/types\/page"}],"author":[{"embeddable":true,"href":"https:\/\/hart-hoenig.com\/en\/wp-json\/wp\/v2\/users\/2"}],"replies":[{"embeddable":true,"href":"https:\/\/hart-hoenig.com\/en\/wp-json\/wp\/v2\/comments?post=572"}],"version-history":[{"count":2,"href":"https:\/\/hart-hoenig.com\/en\/wp-json\/wp\/v2\/pages\/572\/revisions"}],"predecessor-version":[{"id":574,"href":"https:\/\/hart-hoenig.com\/en\/wp-json\/wp\/v2\/pages\/572\/revisions\/574"}],"wp:attachment":[{"href":"https:\/\/hart-hoenig.com\/en\/wp-json\/wp\/v2\/media?parent=572"}],"curies":[{"name":"wp","href":"https:\/\/api.w.org\/{rel}","templated":true}]}}